




{"id":352,"date":"2023-03-06T11:08:51","date_gmt":"2023-03-06T16:08:51","guid":{"rendered":"clientes.credi10.com.co\/home\/?page_id=352"},"modified":"2023-03-07T09:37:41","modified_gmt":"2023-03-07T14:37:41","slug":"aviso-de-privacidad","status":"publish","type":"page","link":"https:\/\/clientes.credi10.com.co\/home\/aviso-de-privacidad\/","title":{"rendered":"AVISO DE PRIVACIDAD"},"content":{"rendered":"<section class=\"wpb-content-wrapper\"><p>[vc_row el_class=&#8221;margin-10&#8243;][vc_column][vc_empty_space height=&#8221;50px&#8221; el_class=&#8221;espacios&#8221;][vc_column_text]<\/p>\n<h1 style=\"text-align: center;\">Aviso de privacidad<\/h1>\n<p>[\/vc_column_text][vc_column_text]CREDI10, entidad de car\u00e1cter comercial y privado, ubicada en Cali, Valle del Cauca, manifiesta que los datos personales ser\u00e1n tratados de manera segura, Credi10 recolecta, almacena, procesa, usa, analiza, actualiza, corrige, transfiere, transmite y suprime, seg\u00fan corresponda, los datos personales, de conformidad con nuestra Pol\u00edtica de Privacidad y Tratamiento de Datos Personales, disponible en www.clientes.credi10.com.co y teniendo en cuenta los principios y deberes de seguridad y confidencialidad ordenados por la Ley 1581 de 2012 y el Decreto 1377 de 2013 y dem\u00e1s normas aplicables, los cuales tienen como finalidad principal el tratamiento de los mismos para el estudio y posible otorgamiento del cr\u00e9dito, los datos personales que se requieren por medio de nuestros canales en tiendas f\u00edsicas o virtuales, as\u00ed como establecer contacto e informar sobre nuestros productos, servicios, actividades, promociones, convenios, entre otras actividades empresariales. Los datos biom\u00e9tricos como fotograf\u00edas, huellas y\/o voz que sean recolectados podr\u00e1n ser tratados para la prevenci\u00f3n de riesgos de fraude y suplantaci\u00f3n de identidad por parte de Credi10 u otros terceros en virtud del inter\u00e9s leg\u00edtimo que les asiste para tal fin, esto sin perjuicio de la potestad que tiene el titular del dato en relaci\u00f3n con la entrega de datos de car\u00e1cter sensible. Tambi\u00e9n ser\u00e1n tratados en el marco de las relaciones precontractuales, contractuales y post contractuales. Esta informaci\u00f3n ser\u00e1 gestionada de forma segura por parte de Credi10 y\/o de mis encargados; tales como las entidades de cobranza, operadores nacionales o extranjeros.[\/vc_column_text][vc_empty_space height=&#8221;50px&#8221; el_class=&#8221;espacios&#8221;][\/vc_column][\/vc_row]<\/p>\n<\/section>","protected":false},"excerpt":{"rendered":"<p>[vc_row el_class=&#8221;margin-10&#8243;][vc_column][vc_empty_space height=&#8221;50px&#8221; el_class=&#8221;espacios&#8221;][vc_column_text] Aviso de privacidad [\/vc_column_text][vc_column_text]CREDI10, entidad de car\u00e1cter comercial y privado, ubicada <a class=\"read-more\" href=\"https:\/\/clientes.credi10.com.co\/home\/aviso-de-privacidad\/\">Read More<\/a><\/p>\n","protected":false},"author":1,"featured_media":0,"parent":0,"menu_order":0,"comment_status":"closed","ping_status":"closed","template":"","meta":{"footnotes":""},"class_list":["post-352","page","type-page","status-publish","hentry"],"acf":[],"yoast_head":"<!-- This site is optimized with the Yoast SEO plugin v21.9.1 - https:\/\/yoast.com\/wordpress\/plugins\/seo\/ -->\r\n<title>AVISO DE PRIVACIDAD - Credi 10<\/title>\r\n<meta name=\"robots\" content=\"index, follow, max-snippet:-1, max-image-preview:large, max-video-preview:-1\" \/>\r\n<link rel=\"canonical\" href=\"https:\/\/clientes.credi10.com.co\/home\/aviso-de-privacidad\/\" \/>\r\n<meta property=\"og:locale\" content=\"es_ES\" \/>\r\n<meta property=\"og:type\" content=\"article\" \/>\r\n<meta property=\"og:title\" content=\"AVISO DE PRIVACIDAD - Credi 10\" \/>\r\n<meta property=\"og:description\" content=\"[vc_row el_class=&#8221;margin-10&#8243;][vc_column][vc_empty_space height=&#8221;50px&#8221; el_class=&#8221;espacios&#8221;][vc_column_text] Aviso de privacidad [\/vc_column_text][vc_column_text]CREDI10, entidad de car\u00e1cter comercial y privado, ubicada Read More\" \/>\r\n<meta property=\"og:url\" content=\"https:\/\/clientes.credi10.com.co\/home\/aviso-de-privacidad\/\" \/>\r\n<meta property=\"og:site_name\" content=\"Credi 10\" \/>\r\n<meta property=\"article:modified_time\" content=\"2023-03-07T14:37:41+00:00\" \/>\r\n<meta name=\"twitter:card\" content=\"summary_large_image\" \/>\r\n<meta name=\"twitter:label1\" content=\"Tiempo estimado de lectura\" \/>\n\t<meta name=\"twitter:data1\" content=\"2 minutos\" \/>\r\n<script type=\"application\/ld+json\" class=\"yoast-schema-graph\">{\"@context\":\"https:\/\/schema.org\",\"@graph\":[{\"@type\":\"WebPage\",\"@id\":\"https:\/\/clientes.credi10.com.co\/home\/aviso-de-privacidad\/\",\"url\":\"https:\/\/clientes.credi10.com.co\/home\/aviso-de-privacidad\/\",\"name\":\"AVISO DE PRIVACIDAD - Credi 10\",\"isPartOf\":{\"@id\":\"https:\/\/clientes.credi10.com.co\/home\/#website\"},\"datePublished\":\"2023-03-06T16:08:51+00:00\",\"dateModified\":\"2023-03-07T14:37:41+00:00\",\"breadcrumb\":{\"@id\":\"https:\/\/clientes.credi10.com.co\/home\/aviso-de-privacidad\/#breadcrumb\"},\"inLanguage\":\"es-CO\",\"potentialAction\":[{\"@type\":\"ReadAction\",\"target\":[\"https:\/\/clientes.credi10.com.co\/home\/aviso-de-privacidad\/\"]}]},{\"@type\":\"BreadcrumbList\",\"@id\":\"https:\/\/clientes.credi10.com.co\/home\/aviso-de-privacidad\/#breadcrumb\",\"itemListElement\":[{\"@type\":\"ListItem\",\"position\":1,\"name\":\"Inicio\",\"item\":\"https:\/\/clientes.credi10.com.co\/home\/\"},{\"@type\":\"ListItem\",\"position\":2,\"name\":\"AVISO DE PRIVACIDAD\"}]},{\"@type\":\"WebSite\",\"@id\":\"https:\/\/clientes.credi10.com.co\/home\/#website\",\"url\":\"https:\/\/clientes.credi10.com.co\/home\/\",\"name\":\"Credi 10\",\"description\":\"Cr\u00e9dito rapido y seguro\",\"publisher\":{\"@id\":\"https:\/\/clientes.credi10.com.co\/home\/#organization\"},\"potentialAction\":[{\"@type\":\"SearchAction\",\"target\":{\"@type\":\"EntryPoint\",\"urlTemplate\":\"https:\/\/clientes.credi10.com.co\/home\/?s={search_term_string}\"},\"query-input\":\"required name=search_term_string\"}],\"inLanguage\":\"es-CO\"},{\"@type\":\"Organization\",\"@id\":\"https:\/\/clientes.credi10.com.co\/home\/#organization\",\"name\":\"Credi 10\",\"url\":\"https:\/\/clientes.credi10.com.co\/home\/\",\"logo\":{\"@type\":\"ImageObject\",\"inLanguage\":\"es-CO\",\"@id\":\"https:\/\/clientes.credi10.com.co\/home\/#\/schema\/logo\/image\/\",\"url\":\"clientes.credi10.com.co\/home\/wp-content\/uploads\/2023\/01\/logo-credi10.png\",\"contentUrl\":\"clientes.credi10.com.co\/home\/wp-content\/uploads\/2023\/01\/logo-credi10.png\",\"width\":280,\"height\":129,\"caption\":\"Credi 10\"},\"image\":{\"@id\":\"https:\/\/clientes.credi10.com.co\/home\/#\/schema\/logo\/image\/\"}}]}<\/script>\r\n<!-- \/ Yoast SEO plugin. -->","yoast_head_json":{"title":"AVISO DE PRIVACIDAD - Credi 10","robots":{"index":"index","follow":"follow","max-snippet":"max-snippet:-1","max-image-preview":"max-image-preview:large","max-video-preview":"max-video-preview:-1"},"canonical":"https:\/\/clientes.credi10.com.co\/home\/aviso-de-privacidad\/","og_locale":"es_ES","og_type":"article","og_title":"AVISO DE PRIVACIDAD - Credi 10","og_description":"[vc_row el_class=&#8221;margin-10&#8243;][vc_column][vc_empty_space height=&#8221;50px&#8221; el_class=&#8221;espacios&#8221;][vc_column_text] Aviso de privacidad [\/vc_column_text][vc_column_text]CREDI10, entidad de car\u00e1cter comercial y privado, ubicada Read More","og_url":"https:\/\/clientes.credi10.com.co\/home\/aviso-de-privacidad\/","og_site_name":"Credi 10","article_modified_time":"2023-03-07T14:37:41+00:00","twitter_card":"summary_large_image","twitter_misc":{"Tiempo estimado de lectura":"2 minutos"},"schema":{"@context":"https:\/\/schema.org","@graph":[{"@type":"WebPage","@id":"https:\/\/clientes.credi10.com.co\/home\/aviso-de-privacidad\/","url":"https:\/\/clientes.credi10.com.co\/home\/aviso-de-privacidad\/","name":"AVISO DE PRIVACIDAD - Credi 10","isPartOf":{"@id":"https:\/\/clientes.credi10.com.co\/home\/#website"},"datePublished":"2023-03-06T16:08:51+00:00","dateModified":"2023-03-07T14:37:41+00:00","breadcrumb":{"@id":"https:\/\/clientes.credi10.com.co\/home\/aviso-de-privacidad\/#breadcrumb"},"inLanguage":"es-CO","potentialAction":[{"@type":"ReadAction","target":["https:\/\/clientes.credi10.com.co\/home\/aviso-de-privacidad\/"]}]},{"@type":"BreadcrumbList","@id":"https:\/\/clientes.credi10.com.co\/home\/aviso-de-privacidad\/#breadcrumb","itemListElement":[{"@type":"ListItem","position":1,"name":"Inicio","item":"https:\/\/clientes.credi10.com.co\/home\/"},{"@type":"ListItem","position":2,"name":"AVISO DE PRIVACIDAD"}]},{"@type":"WebSite","@id":"https:\/\/clientes.credi10.com.co\/home\/#website","url":"https:\/\/clientes.credi10.com.co\/home\/","name":"Credi 10","description":"Cr\u00e9dito rapido y seguro","publisher":{"@id":"https:\/\/clientes.credi10.com.co\/home\/#organization"},"potentialAction":[{"@type":"SearchAction","target":{"@type":"EntryPoint","urlTemplate":"https:\/\/clientes.credi10.com.co\/home\/?s={search_term_string}"},"query-input":"required name=search_term_string"}],"inLanguage":"es-CO"},{"@type":"Organization","@id":"https:\/\/clientes.credi10.com.co\/home\/#organization","name":"Credi 10","url":"https:\/\/clientes.credi10.com.co\/home\/","logo":{"@type":"ImageObject","inLanguage":"es-CO","@id":"https:\/\/clientes.credi10.com.co\/home\/#\/schema\/logo\/image\/","url":"clientes.credi10.com.co\/home\/wp-content\/uploads\/2023\/01\/logo-credi10.png","contentUrl":"clientes.credi10.com.co\/home\/wp-content\/uploads\/2023\/01\/logo-credi10.png","width":280,"height":129,"caption":"Credi 10"},"image":{"@id":"https:\/\/clientes.credi10.com.co\/home\/#\/schema\/logo\/image\/"}}]}},"_links":{"self":[{"href":"https:\/\/clientes.credi10.com.co\/home\/wp-json\/wp\/v2\/pages\/352","targetHints":{"allow":["GET"]}}],"collection":[{"href":"https:\/\/clientes.credi10.com.co\/home\/wp-json\/wp\/v2\/pages"}],"about":[{"href":"https:\/\/clientes.credi10.com.co\/home\/wp-json\/wp\/v2\/types\/page"}],"author":[{"embeddable":true,"href":"https:\/\/clientes.credi10.com.co\/home\/wp-json\/wp\/v2\/users\/1"}],"replies":[{"embeddable":true,"href":"https:\/\/clientes.credi10.com.co\/home\/wp-json\/wp\/v2\/comments?post=352"}],"version-history":[{"count":3,"href":"https:\/\/clientes.credi10.com.co\/home\/wp-json\/wp\/v2\/pages\/352\/revisions"}],"predecessor-version":[{"id":375,"href":"https:\/\/clientes.credi10.com.co\/home\/wp-json\/wp\/v2\/pages\/352\/revisions\/375"}],"wp:attachment":[{"href":"https:\/\/clientes.credi10.com.co\/home\/wp-json\/wp\/v2\/media?parent=352"}],"curies":[{"name":"wp","href":"https:\/\/api.w.org\/{rel}","templated":true}]}}