




{"id":354,"date":"2023-03-06T11:11:30","date_gmt":"2023-03-06T16:11:30","guid":{"rendered":"clientes.credi10.com.co\/home\/?page_id=354"},"modified":"2023-03-07T09:38:18","modified_gmt":"2023-03-07T14:38:18","slug":"terminos-y-condiciones-2","status":"publish","type":"page","link":"https:\/\/clientes.credi10.com.co\/home\/terminos-y-condiciones-2\/","title":{"rendered":"T\u00c9RMINOS Y CONDICIONES"},"content":{"rendered":"<section class=\"wpb-content-wrapper\"><p>[vc_row el_class=&#8221;margin-10&#8243;][vc_column][vc_empty_space height=&#8221;50px&#8221; el_class=&#8221;espacios&#8221;][vc_column_text]<\/p>\n<h1 style=\"text-align: center;\">T\u00e9rminos y condiciones<\/h1>\n<p>[\/vc_column_text][vc_column_text]Credi10 es administrado por STF GROUP S.A. sociedad comercial, domiciliada en Colombia, con Nit 8005003626-4. Los t\u00e9rminos y condiciones aplican al Sitio Web disponible en www.clientes.credi10.com.co Al ingresar o usar los servicios ofrecidos en este portal, acepta expresamente los t\u00e9rminos y condiciones. Est\u00e1 prohibido que el contenido sea usado para reproducci\u00f3n total o parcial, su traducci\u00f3n, inclusi\u00f3n, transmisi\u00f3n, transformaci\u00f3n, almacenamiento o acceso a trav\u00e9s de medios anal\u00f3gicos, digitales o de cualquier otro sistema o tecnolog\u00eda creada o por crearse, sin autorizaci\u00f3n previa y escrita de STF GROUP S.A. El sitio no podr\u00e1 usarse para ning\u00fan fin ilegal, los datos que se ingresen para dichos fines ser\u00e1n eliminados inmediatamente.<br \/>\nEl usuario debe leer estos t\u00e9rminos y condiciones del Sitio Web, al hacer uso de este se entiende que lo ha le\u00eddo, entendido y aceptado.[\/vc_column_text][vc_empty_space height=&#8221;50px&#8221; el_class=&#8221;espacios&#8221;][\/vc_column][\/vc_row]<\/p>\n<\/section>","protected":false},"excerpt":{"rendered":"<p>[vc_row el_class=&#8221;margin-10&#8243;][vc_column][vc_empty_space height=&#8221;50px&#8221; el_class=&#8221;espacios&#8221;][vc_column_text] T\u00e9rminos y condiciones [\/vc_column_text][vc_column_text]Credi10 es administrado por STF GROUP S.A. sociedad <a class=\"read-more\" href=\"https:\/\/clientes.credi10.com.co\/home\/terminos-y-condiciones-2\/\">Read More<\/a><\/p>\n","protected":false},"author":1,"featured_media":0,"parent":0,"menu_order":0,"comment_status":"closed","ping_status":"closed","template":"","meta":{"footnotes":""},"class_list":["post-354","page","type-page","status-publish","hentry"],"acf":[],"yoast_head":"<!-- This site is optimized with the Yoast SEO plugin v21.9.1 - https:\/\/yoast.com\/wordpress\/plugins\/seo\/ -->\r\n<title>T\u00c9RMINOS Y CONDICIONES - Credi 10<\/title>\r\n<meta name=\"robots\" content=\"index, follow, max-snippet:-1, max-image-preview:large, max-video-preview:-1\" \/>\r\n<link rel=\"canonical\" href=\"https:\/\/clientes.credi10.com.co\/home\/terminos-y-condiciones-2\/\" \/>\r\n<meta property=\"og:locale\" content=\"es_ES\" \/>\r\n<meta property=\"og:type\" content=\"article\" \/>\r\n<meta property=\"og:title\" content=\"T\u00c9RMINOS Y CONDICIONES - Credi 10\" \/>\r\n<meta property=\"og:description\" content=\"[vc_row el_class=&#8221;margin-10&#8243;][vc_column][vc_empty_space height=&#8221;50px&#8221; el_class=&#8221;espacios&#8221;][vc_column_text] T\u00e9rminos y condiciones [\/vc_column_text][vc_column_text]Credi10 es administrado por STF GROUP S.A. sociedad Read More\" \/>\r\n<meta property=\"og:url\" content=\"https:\/\/clientes.credi10.com.co\/home\/terminos-y-condiciones-2\/\" \/>\r\n<meta property=\"og:site_name\" content=\"Credi 10\" \/>\r\n<meta property=\"article:modified_time\" content=\"2023-03-07T14:38:18+00:00\" \/>\r\n<meta name=\"twitter:card\" content=\"summary_large_image\" \/>\r\n<meta name=\"twitter:label1\" content=\"Tiempo estimado de lectura\" \/>\n\t<meta name=\"twitter:data1\" content=\"1 minuto\" \/>\r\n<script type=\"application\/ld+json\" class=\"yoast-schema-graph\">{\"@context\":\"https:\/\/schema.org\",\"@graph\":[{\"@type\":\"WebPage\",\"@id\":\"https:\/\/clientes.credi10.com.co\/home\/terminos-y-condiciones-2\/\",\"url\":\"https:\/\/clientes.credi10.com.co\/home\/terminos-y-condiciones-2\/\",\"name\":\"T\u00c9RMINOS Y CONDICIONES - Credi 10\",\"isPartOf\":{\"@id\":\"https:\/\/clientes.credi10.com.co\/home\/#website\"},\"datePublished\":\"2023-03-06T16:11:30+00:00\",\"dateModified\":\"2023-03-07T14:38:18+00:00\",\"breadcrumb\":{\"@id\":\"https:\/\/clientes.credi10.com.co\/home\/terminos-y-condiciones-2\/#breadcrumb\"},\"inLanguage\":\"es-CO\",\"potentialAction\":[{\"@type\":\"ReadAction\",\"target\":[\"https:\/\/clientes.credi10.com.co\/home\/terminos-y-condiciones-2\/\"]}]},{\"@type\":\"BreadcrumbList\",\"@id\":\"https:\/\/clientes.credi10.com.co\/home\/terminos-y-condiciones-2\/#breadcrumb\",\"itemListElement\":[{\"@type\":\"ListItem\",\"position\":1,\"name\":\"Inicio\",\"item\":\"https:\/\/clientes.credi10.com.co\/home\/\"},{\"@type\":\"ListItem\",\"position\":2,\"name\":\"T\u00c9RMINOS Y CONDICIONES\"}]},{\"@type\":\"WebSite\",\"@id\":\"https:\/\/clientes.credi10.com.co\/home\/#website\",\"url\":\"https:\/\/clientes.credi10.com.co\/home\/\",\"name\":\"Credi 10\",\"description\":\"Cr\u00e9dito rapido y seguro\",\"publisher\":{\"@id\":\"https:\/\/clientes.credi10.com.co\/home\/#organization\"},\"potentialAction\":[{\"@type\":\"SearchAction\",\"target\":{\"@type\":\"EntryPoint\",\"urlTemplate\":\"https:\/\/clientes.credi10.com.co\/home\/?s={search_term_string}\"},\"query-input\":\"required name=search_term_string\"}],\"inLanguage\":\"es-CO\"},{\"@type\":\"Organization\",\"@id\":\"https:\/\/clientes.credi10.com.co\/home\/#organization\",\"name\":\"Credi 10\",\"url\":\"https:\/\/clientes.credi10.com.co\/home\/\",\"logo\":{\"@type\":\"ImageObject\",\"inLanguage\":\"es-CO\",\"@id\":\"https:\/\/clientes.credi10.com.co\/home\/#\/schema\/logo\/image\/\",\"url\":\"clientes.credi10.com.co\/home\/wp-content\/uploads\/2023\/01\/logo-credi10.png\",\"contentUrl\":\"clientes.credi10.com.co\/home\/wp-content\/uploads\/2023\/01\/logo-credi10.png\",\"width\":280,\"height\":129,\"caption\":\"Credi 10\"},\"image\":{\"@id\":\"https:\/\/clientes.credi10.com.co\/home\/#\/schema\/logo\/image\/\"}}]}<\/script>\r\n<!-- \/ Yoast SEO plugin. -->","yoast_head_json":{"title":"T\u00c9RMINOS Y CONDICIONES - Credi 10","robots":{"index":"index","follow":"follow","max-snippet":"max-snippet:-1","max-image-preview":"max-image-preview:large","max-video-preview":"max-video-preview:-1"},"canonical":"https:\/\/clientes.credi10.com.co\/home\/terminos-y-condiciones-2\/","og_locale":"es_ES","og_type":"article","og_title":"T\u00c9RMINOS Y CONDICIONES - Credi 10","og_description":"[vc_row el_class=&#8221;margin-10&#8243;][vc_column][vc_empty_space height=&#8221;50px&#8221; el_class=&#8221;espacios&#8221;][vc_column_text] T\u00e9rminos y condiciones [\/vc_column_text][vc_column_text]Credi10 es administrado por STF GROUP S.A. sociedad Read More","og_url":"https:\/\/clientes.credi10.com.co\/home\/terminos-y-condiciones-2\/","og_site_name":"Credi 10","article_modified_time":"2023-03-07T14:38:18+00:00","twitter_card":"summary_large_image","twitter_misc":{"Tiempo estimado de lectura":"1 minuto"},"schema":{"@context":"https:\/\/schema.org","@graph":[{"@type":"WebPage","@id":"https:\/\/clientes.credi10.com.co\/home\/terminos-y-condiciones-2\/","url":"https:\/\/clientes.credi10.com.co\/home\/terminos-y-condiciones-2\/","name":"T\u00c9RMINOS Y CONDICIONES - Credi 10","isPartOf":{"@id":"https:\/\/clientes.credi10.com.co\/home\/#website"},"datePublished":"2023-03-06T16:11:30+00:00","dateModified":"2023-03-07T14:38:18+00:00","breadcrumb":{"@id":"https:\/\/clientes.credi10.com.co\/home\/terminos-y-condiciones-2\/#breadcrumb"},"inLanguage":"es-CO","potentialAction":[{"@type":"ReadAction","target":["https:\/\/clientes.credi10.com.co\/home\/terminos-y-condiciones-2\/"]}]},{"@type":"BreadcrumbList","@id":"https:\/\/clientes.credi10.com.co\/home\/terminos-y-condiciones-2\/#breadcrumb","itemListElement":[{"@type":"ListItem","position":1,"name":"Inicio","item":"https:\/\/clientes.credi10.com.co\/home\/"},{"@type":"ListItem","position":2,"name":"T\u00c9RMINOS Y CONDICIONES"}]},{"@type":"WebSite","@id":"https:\/\/clientes.credi10.com.co\/home\/#website","url":"https:\/\/clientes.credi10.com.co\/home\/","name":"Credi 10","description":"Cr\u00e9dito rapido y seguro","publisher":{"@id":"https:\/\/clientes.credi10.com.co\/home\/#organization"},"potentialAction":[{"@type":"SearchAction","target":{"@type":"EntryPoint","urlTemplate":"https:\/\/clientes.credi10.com.co\/home\/?s={search_term_string}"},"query-input":"required name=search_term_string"}],"inLanguage":"es-CO"},{"@type":"Organization","@id":"https:\/\/clientes.credi10.com.co\/home\/#organization","name":"Credi 10","url":"https:\/\/clientes.credi10.com.co\/home\/","logo":{"@type":"ImageObject","inLanguage":"es-CO","@id":"https:\/\/clientes.credi10.com.co\/home\/#\/schema\/logo\/image\/","url":"clientes.credi10.com.co\/home\/wp-content\/uploads\/2023\/01\/logo-credi10.png","contentUrl":"clientes.credi10.com.co\/home\/wp-content\/uploads\/2023\/01\/logo-credi10.png","width":280,"height":129,"caption":"Credi 10"},"image":{"@id":"https:\/\/clientes.credi10.com.co\/home\/#\/schema\/logo\/image\/"}}]}},"_links":{"self":[{"href":"https:\/\/clientes.credi10.com.co\/home\/wp-json\/wp\/v2\/pages\/354","targetHints":{"allow":["GET"]}}],"collection":[{"href":"https:\/\/clientes.credi10.com.co\/home\/wp-json\/wp\/v2\/pages"}],"about":[{"href":"https:\/\/clientes.credi10.com.co\/home\/wp-json\/wp\/v2\/types\/page"}],"author":[{"embeddable":true,"href":"https:\/\/clientes.credi10.com.co\/home\/wp-json\/wp\/v2\/users\/1"}],"replies":[{"embeddable":true,"href":"https:\/\/clientes.credi10.com.co\/home\/wp-json\/wp\/v2\/comments?post=354"}],"version-history":[{"count":4,"href":"https:\/\/clientes.credi10.com.co\/home\/wp-json\/wp\/v2\/pages\/354\/revisions"}],"predecessor-version":[{"id":373,"href":"https:\/\/clientes.credi10.com.co\/home\/wp-json\/wp\/v2\/pages\/354\/revisions\/373"}],"wp:attachment":[{"href":"https:\/\/clientes.credi10.com.co\/home\/wp-json\/wp\/v2\/media?parent=354"}],"curies":[{"name":"wp","href":"https:\/\/api.w.org\/{rel}","templated":true}]}}